{"id":2859,"date":"2025-11-19T11:27:29","date_gmt":"2025-11-19T10:27:29","guid":{"rendered":"https:\/\/bmw-trekhaken.nl\/bmw-5-serie-trekhaak\/"},"modified":"2026-04-22T15:40:37","modified_gmt":"2026-04-22T13:40:37","slug":"bmw-5-serie-trekhaak","status":"publish","type":"page","link":"https:\/\/bmw-trekhaken.nl\/de\/bmw-5-serie-trekhaak\/","title":{"rendered":"BMW 5 Serie trekhaak"},"content":{"rendered":"\n\n\n\n  <section  class=\"hd-content st-mobile-s st-tablet-m st-desktop-s sb-mobile-x sb-tablet-m sb-desktop-x pt-mobile-x pt-tablet-x pt-desktop-x pb-mobile-x pb-tablet-x pb-desktop-x bg-none \">\n    <div class=\"container\">\n\n      \n      <div class=\"row row-default-height align-content-unset justify-content-start\">\n                  \n                                        <div class=\"mobile-column-spacing col-12 offset-0 no-order\">\n                                  \n                                          <div class=\"hd-content__paragraph hd-content__element text-black block-align-left\">\n    <p>Ein BMW 5 Serie wird nicht immer ab Werk mit einer Anh\u00e4ngerkupplung geliefert. Wenn Sie nachtr\u00e4glich eine Anh\u00e4ngerkupplung f\u00fcr den BMW 5 Serie montieren lassen m\u00f6chten, bietet <a href=\"https:\/\/bmw-trekhaken.nl\/de\/\">BMW Trekhaken<\/a> eine professionelle L\u00f6sung mit originalen BMW Teilen. Wir montieren f\u00fcr Sie eine <a href=\"\/?product_cat=elektrische-trekhaken\">elektrische Anh\u00e4ngerkupplung<\/a> f\u00fcr den BMW 5 Serie, vollst\u00e4ndig abgestimmt auf die Ausstattungsoptionen Ihres Fahrzeugs und pr\u00e4zise integriert durch die richtige Codierung und Programmierung. <strong>Dank unserer Spezialisierung auf BMW profitieren Sie von fachkundiger Beratung, hochwertiger <a href=\"https:\/\/bmw-trekhaken.nl\/montage\/\">Montage <\/a>und einer zuverl\u00e4ssigen Funktion.<\/strong>  <\/p>\n<\/div>                    \n                    \n                    \n                    \n                    \n                    \n                                        \n                              <\/div>\n            \n                        <\/div>\n    <\/div>\n  <\/section>\n\n\n\n    <section  class=\"atl-products st-mobile-x st-tablet-m st-desktop-x sb-mobile-x sb-tablet-m sb-desktop-x pt-mobile-x pt-tablet-x pt-desktop-x pb-mobile-x pb-tablet-x pb-desktop-x bg-none text-black \">\n        <div class=\"container\">\n            <div class=\"row\">\n                <div class=\"col-lg-12\">\n                    <div class=\"atl-products__title\">\n                        <h3>\n                            Entdecken Sie unser Angebot an Anh\u00e4ngerkupplungen f\u00fcr den BMW 5 Serie                        <\/h3>\n                    <\/div>\n\n                <\/div>\n            <\/div>\n            <div class=\"row\">\n                \n                                            <\/div>\n        <\/div>\n    <\/section>\n\n\n\n\n\n  <section  class=\"hd-content st-mobile-x st-tablet-m st-desktop-x sb-mobile-s sb-tablet-m sb-desktop-s pt-mobile-x pt-tablet-x pt-desktop-x pb-mobile-x pb-tablet-x pb-desktop-x bg-none \">\n    <div class=\"container\">\n\n      \n      <div class=\"row row-default-height align-content-unset justify-content-start\">\n                  \n                                        <div class=\"mobile-column-spacing col-12 offset-0 no-order\">\n                                  \n                                          <div class=\"hd-content__paragraph hd-content__element text-black block-align-left\">\n    <h2>Warum sollten Sie sich f\u00fcr eine elektrische Anh\u00e4ngerkupplung f\u00fcr den BMW 5 Serie entscheiden?<\/h2>\n<p>Eine originale Anh\u00e4ngerkupplung passt perfekt zur Elektronik und zu den Sicherheitsfunktionen Ihres BMW 5 Serie. <strong>Bei <a href=\"https:\/\/bmw-trekhaken.nl\/over-ons\/\">BMW Anh\u00e4ngerkupplungen<\/a> arbeiten wir ausschlie\u00dflich mit originalen BMW <a href=\"https:\/\/bmw-trekhaken.nl\/product-categorie\/trekhaken\/\">Anh\u00e4ngerkupplungen<\/a> aus Vorf\u00fchrfahrzeugen.<\/strong> Diese Kupplungen sind nahezu neu und dadurch preisg\u00fcnstiger, w\u00e4hrend sie vollst\u00e4ndig gepr\u00fcft, getestet und professionell montiert werden. Sie profitieren somit von OEM-Qualit\u00e4t zu einem attraktiveren Preis als beim H\u00e4ndler.   <\/p>\n<p>Bei uns erhalten Sie elektrische Anh\u00e4ngerkupplungen f\u00fcr verschiedene Modelle der BMW 5 Serie, darunter alle g\u00e4ngigen Baureihen.<\/p>\n<h3>Elektrische Anh\u00e4ngerkupplung f\u00fcr den BMW 5 Serie von BMW-Spezialisten montieren lassen<\/h3>\n<p>Die Montage einer elektrischen Anh\u00e4ngerkupplung erfordert spezielles Fachwissen. Die Anh\u00e4ngerkupplung muss n\u00e4mlich korrekt programmiert, codiert und mit den Fahrzeugfunktionen wie Parkassistenzsystemen, Stabilit\u00e4tskontrolle und gegebenenfalls weiteren Assistenzsystemen verbunden werden. Daf\u00fcr sind spezielle BMW-Software und originale Ausr\u00fcstung erforderlich.  <\/p>\n<p><strong>Bei BMW Trekhaken wird die Anh\u00e4ngerkupplung Ihres BMW 5 Serie vollst\u00e4ndig nach Werksvorgaben angeschlossen.<\/strong> Der Montagepreis beinhaltet: <\/p>\n<ul>\n<li>Ein originaler Bedienknopf im Kofferraum<\/li>\n<li>Das passende Anh\u00e4ngerkupplungs-Steuerger\u00e4t zur Ansteuerung<\/li>\n<li>Vollst\u00e4ndige Programmierung und Codierung<\/li>\n<li>Ein originaler BMW-Kabelbaum.<\/li>\n<li>Montagearbeitszeit durch BMW-Spezialisten<\/li>\n<\/ul>\n<p>Montagearbeitszeit durch BMW-Spezialisten.<br \/>Dank dieser kompletten Montage sind Sie sicher, dass Ihre elektrische Anh\u00e4ngerkupplung jederzeit einwandfrei funktioniert, fehlerfrei integriert ist und vollst\u00e4ndig den OEM-Standards entspricht.<\/p>\n<h3>Qualit\u00e4t, Service und ein attraktiver Preis<\/h3>\n<p>Wer sich f\u00fcr BMW Trekhaken entscheidet, w\u00e4hlt Spezialwissen, Zuverl\u00e4ssigkeit und einen fairen Preis. Unsere elektrischen Anh\u00e4ngerkupplungen sind original BMW und daher perfekt f\u00fcr Ihren BMW 5 Serie geeignet. D<strong>a wir mit Teilen aus Vorf\u00fchrfahrzeugen arbeiten, zahlen Sie weniger als beim BMW-H\u00e4ndler, ohne Kompromisse bei Qualit\u00e4t oder Funktion.<\/strong> <\/p>\n<p><strong><br \/>Dar\u00fcber hinaus bieten wir zus\u00e4tzliche Serviceoptionen f\u00fcr maximalen Komfort:<\/strong><\/p>\n<ul>\n<li>Abholservice gegen Geb\u00fchr m\u00f6glich.<\/li>\n<li>Ersatzfahrzeug, bei dem Sie einen festen Kilometerpreis zahlen.<\/li>\n<li>Klare Kommunikation, fachkundige Beratung und Montage nach Terminvereinbarung.<\/li>\n<\/ul>\n<p>Sind Sie auf der Suche nach einer Anh\u00e4ngerkupplung f\u00fcr den BMW 5 Serie, die professionell montiert wird? Dann sehen Sie sich unser Angebot an und vereinbaren Sie direkt einen Montagetermin. <\/p>\n<h3>H\u00e4ufig gestellte Fragen zu Anh\u00e4ngerkupplungen f\u00fcr die BMW 5 Serie<\/h3>\n<p><strong>Was ist der Vorteil einer elektrischen Anh\u00e4ngerkupplung f\u00fcr den BMW 5 Serie?<\/strong><br \/>\nEine elektrische Anh\u00e4ngerkupplung f\u00e4hrt automatisch ein und aus, ist in die BMW-Software integriert und arbeitet perfekt mit den bestehenden Fahrzeugsystemen zusammen. Dies sorgt f\u00fcr einfache Bedienung und maximale Zuverl\u00e4ssigkeit. <\/p>\n<p><strong>Warum verwendet BMW Trekhaken originale BMW Teile?<br \/>\n<\/strong>Originalteile garantieren optimale Funktion, Kompatibilit\u00e4t und Lebensdauer. Sie sind vollst\u00e4ndig auf die elektronischen Systeme Ihres BMW 5 Serie abgestimmt und werden von uns vor der Montage umfassend getestet. <\/p>\n<p><strong>Ist die Montage vollst\u00e4ndig im Preis enthalten?<\/strong><br \/>\nJa, der Montagepreis beinhaltet Codierung, Programmierung, Kabelsatz, Steuerger\u00e4t, Bedienknopf und Montagearbeitszeit. Sie werden nicht mit versteckten Kosten konfrontiert. <\/p>\n<p><strong>Wie lange dauert die Montage einer elektrischen Anh\u00e4ngerkupplung?<\/strong><br \/>\nDie Montage dauert im Durchschnitt acht Stunden. Sie k\u00f6nnen in unserer Werkstatt warten, einen Ersatzwagen nutzen oder unseren Abholservice in Anspruch nehmen. <\/p>\n<p><strong>Is eine gebrauchte Anh\u00e4ngerkupplung genauso zuverl\u00e4ssig?<\/strong><br \/>\nUnsere Anh\u00e4ngerkupplungen stammen aus Vorf\u00fchrfahrzeugen. Diese Teile sind nahezu neu, vollst\u00e4ndig gepr\u00fcft und umfassend getestet, wodurch sie die gleiche Zuverl\u00e4ssigkeit wie neue OEM-Teile bieten. <\/p>\n<p>Sehen Sie sich unser aktuelles Angebot an elektrischen Anh\u00e4ngerkupplungen f\u00fcr Ihre BMW 5 Serie an und vereinbaren Sie direkt einen Termin f\u00fcr die professionelle Montage. Haben Sie noch Fragen oder Anmerkungen? Dann <a href=\"https:\/\/bmw-trekhaken.nl\/contact\/\">kontaktieren <\/a>Sie uns gerne. Wir helfen Ihnen jederzeit weiter.<br \/>\n<script type=\"application\/ld+json\">\n{\n  \"@context\": \"https:\/\/schema.org\",\n  \"@type\": \"FAQPage\",\n  \"mainEntity\": [\n    {\n      \"@type\": \"Question\",\n      \"name\": \"Wat is het voordeel van een elektrische trekhaak BMW 5 Serie?\",\n      \"acceptedAnswer\": {\n        \"@type\": \"Answer\",\n        \"text\": \"Een elektrische trekhaak klapt automatisch in en uit, is ge\u00efntegreerd in de BMW-software en werkt perfect samen met de bestaande voertuigsystemen. Dit zorgt voor gebruiksgemak en maximale betrouwbaarheid.\"\n      }\n    },\n    {\n      \"@type\": \"Question\",\n      \"name\": \"Waarom gebruikt BMW Trekhaken originele BMW onderdelen?\",\n      \"acceptedAnswer\": {\n        \"@type\": \"Answer\",\n        \"text\": \"Originele onderdelen garanderen optimale werking, compatibiliteit en levensduur. Ze sluiten volledig aan op de elektronische systemen van uw BMW en worden door ons uitgebreid getest voordat ze gemonteerd worden.\"\n      }\n    },\n    {\n      \"@type\": \"Question\",\n      \"name\": \"Is de montage volledig inbegrepen in de prijs?\",\n      \"acceptedAnswer\": {\n        \"@type\": \"Answer\",\n        \"text\": \"Ja, de montageprijs is inclusief codering, programmering, kabelboom, module, bedieningsknop en montageuren. U komt niet voor verrassingen te staan.\"\n      }\n    },\n    {\n      \"@type\": \"Question\",\n      \"name\": \"Hoe lang duurt de montage van een elektrische trekhaak?\",\n      \"acceptedAnswer\": {\n        \"@type\": \"Answer\",\n        \"text\": \"De montage neemt gemiddeld acht uur in beslag. U kunt wachten in onze werkplaats, gebruikmaken van vervangend vervoer of kiezen voor onze ophaalservice.\"\n      }\n    },\n    {\n      \"@type\": \"Question\",\n      \"name\": \"Is een gebruikte trekhaak even betrouwbaar?\",\n      \"acceptedAnswer\": {\n        \"@type\": \"Answer\",\n        \"text\": \"Onze trekhaken komen uit demo-auto\u2019s. Deze onderdelen zijn zo goed als nieuw, volledig gecontroleerd en uitvoerig getest, waardoor ze dezelfde betrouwbaarheid bieden als nieuwe OEM-onderdelen.\"\n      }\n    }\n  ]\n}\n<\/script><\/p>\n<\/div>                    \n                    \n                    \n                    \n                    \n                    \n                                        \n                              <\/div>\n            \n                        <\/div>\n    <\/div>\n  <\/section>\n\n","protected":false},"excerpt":{"rendered":"","protected":false},"author":3,"featured_media":0,"parent":0,"menu_order":0,"comment_status":"closed","ping_status":"closed","template":"","meta":{"_acf_changed":false,"footnotes":""},"class_list":["post-2859","page","type-page","status-publish","hentry"],"acf":[],"yoast_head":"<!-- This site is optimized with the Yoast SEO plugin v27.4 - https:\/\/yoast.com\/product\/yoast-seo-wordpress\/ -->\n<title>BMW 5 Serie Anh\u00e4ngerkupplung | Originale Anh\u00e4ngerkupplung f\u00fcr BMW 5 Serie<\/title>\n<meta name=\"description\" content=\"Brauchen Sie eine abnehmbare oder elektrische Anh\u00e4ngerkupplung f\u00fcr den BMW 5 Serie? Wir helfen Ihnen gerne weiter! \u2713 Vollst\u00e4ndige Integratione\" \/>\n<meta name=\"robots\" content=\"index, follow, max-snippet:-1, max-image-preview:large, max-video-preview:-1\" \/>\n<link rel=\"canonical\" href=\"https:\/\/bmw-trekhaken.nl\/de\/bmw-5-serie-trekhaak\/\" \/>\n<meta property=\"og:locale\" content=\"de_DE\" \/>\n<meta property=\"og:type\" content=\"article\" \/>\n<meta property=\"og:title\" content=\"BMW 5 Serie Anh\u00e4ngerkupplung | Originale Anh\u00e4ngerkupplung f\u00fcr BMW 5 Serie\" \/>\n<meta property=\"og:description\" content=\"Brauchen Sie eine abnehmbare oder elektrische Anh\u00e4ngerkupplung f\u00fcr den BMW 5 Serie? Wir helfen Ihnen gerne weiter! \u2713 Vollst\u00e4ndige Integratione\" \/>\n<meta property=\"og:url\" content=\"https:\/\/bmw-trekhaken.nl\/de\/bmw-5-serie-trekhaak\/\" \/>\n<meta property=\"og:site_name\" content=\"ATL BMW Trekhaken\" \/>\n<meta property=\"article:modified_time\" content=\"2026-04-22T13:40:37+00:00\" \/>\n<meta name=\"twitter:card\" content=\"summary_large_image\" \/>\n<script type=\"application\/ld+json\" class=\"yoast-schema-graph\">{\"@context\":\"https:\\\/\\\/schema.org\",\"@graph\":[{\"@type\":\"WebPage\",\"@id\":\"https:\\\/\\\/bmw-trekhaken.nl\\\/de\\\/bmw-5-serie-trekhaak\\\/\",\"url\":\"https:\\\/\\\/bmw-trekhaken.nl\\\/de\\\/bmw-5-serie-trekhaak\\\/\",\"name\":\"BMW 5 Serie Anh\u00e4ngerkupplung | Originale Anh\u00e4ngerkupplung f\u00fcr BMW 5 Serie\",\"isPartOf\":{\"@id\":\"https:\\\/\\\/bmw-trekhaken.nl\\\/de\\\/#website\"},\"datePublished\":\"2025-11-19T10:27:29+00:00\",\"dateModified\":\"2026-04-22T13:40:37+00:00\",\"description\":\"Brauchen Sie eine abnehmbare oder elektrische Anh\u00e4ngerkupplung f\u00fcr den BMW 5 Serie? Wir helfen Ihnen gerne weiter! \u2713 Vollst\u00e4ndige Integratione\",\"inLanguage\":\"de\",\"potentialAction\":[{\"@type\":\"ReadAction\",\"target\":[\"https:\\\/\\\/bmw-trekhaken.nl\\\/de\\\/bmw-5-serie-trekhaak\\\/\"]}]},{\"@type\":\"WebSite\",\"@id\":\"https:\\\/\\\/bmw-trekhaken.nl\\\/de\\\/#website\",\"url\":\"https:\\\/\\\/bmw-trekhaken.nl\\\/de\\\/\",\"name\":\"BMW Trekhaken\",\"description\":\"\",\"potentialAction\":[{\"@type\":\"SearchAction\",\"target\":{\"@type\":\"EntryPoint\",\"urlTemplate\":\"https:\\\/\\\/bmw-trekhaken.nl\\\/de\\\/?s={search_term_string}\"},\"query-input\":{\"@type\":\"PropertyValueSpecification\",\"valueRequired\":true,\"valueName\":\"search_term_string\"}}],\"inLanguage\":\"de\"}]}<\/script>\n<!-- \/ Yoast SEO plugin. -->","yoast_head_json":{"title":"BMW 5 Serie Anh\u00e4ngerkupplung | Originale Anh\u00e4ngerkupplung f\u00fcr BMW 5 Serie","description":"Brauchen Sie eine abnehmbare oder elektrische Anh\u00e4ngerkupplung f\u00fcr den BMW 5 Serie? Wir helfen Ihnen gerne weiter! \u2713 Vollst\u00e4ndige Integratione","robots":{"index":"index","follow":"follow","max-snippet":"max-snippet:-1","max-image-preview":"max-image-preview:large","max-video-preview":"max-video-preview:-1"},"canonical":"https:\/\/bmw-trekhaken.nl\/de\/bmw-5-serie-trekhaak\/","og_locale":"de_DE","og_type":"article","og_title":"BMW 5 Serie Anh\u00e4ngerkupplung | Originale Anh\u00e4ngerkupplung f\u00fcr BMW 5 Serie","og_description":"Brauchen Sie eine abnehmbare oder elektrische Anh\u00e4ngerkupplung f\u00fcr den BMW 5 Serie? Wir helfen Ihnen gerne weiter! \u2713 Vollst\u00e4ndige Integratione","og_url":"https:\/\/bmw-trekhaken.nl\/de\/bmw-5-serie-trekhaak\/","og_site_name":"ATL BMW Trekhaken","article_modified_time":"2026-04-22T13:40:37+00:00","twitter_card":"summary_large_image","schema":{"@context":"https:\/\/schema.org","@graph":[{"@type":"WebPage","@id":"https:\/\/bmw-trekhaken.nl\/de\/bmw-5-serie-trekhaak\/","url":"https:\/\/bmw-trekhaken.nl\/de\/bmw-5-serie-trekhaak\/","name":"BMW 5 Serie Anh\u00e4ngerkupplung | Originale Anh\u00e4ngerkupplung f\u00fcr BMW 5 Serie","isPartOf":{"@id":"https:\/\/bmw-trekhaken.nl\/de\/#website"},"datePublished":"2025-11-19T10:27:29+00:00","dateModified":"2026-04-22T13:40:37+00:00","description":"Brauchen Sie eine abnehmbare oder elektrische Anh\u00e4ngerkupplung f\u00fcr den BMW 5 Serie? Wir helfen Ihnen gerne weiter! \u2713 Vollst\u00e4ndige Integratione","inLanguage":"de","potentialAction":[{"@type":"ReadAction","target":["https:\/\/bmw-trekhaken.nl\/de\/bmw-5-serie-trekhaak\/"]}]},{"@type":"WebSite","@id":"https:\/\/bmw-trekhaken.nl\/de\/#website","url":"https:\/\/bmw-trekhaken.nl\/de\/","name":"BMW Trekhaken","description":"","potentialAction":[{"@type":"SearchAction","target":{"@type":"EntryPoint","urlTemplate":"https:\/\/bmw-trekhaken.nl\/de\/?s={search_term_string}"},"query-input":{"@type":"PropertyValueSpecification","valueRequired":true,"valueName":"search_term_string"}}],"inLanguage":"de"}]}},"_links":{"self":[{"href":"https:\/\/bmw-trekhaken.nl\/de\/wp-json\/wp\/v2\/pages\/2859","targetHints":{"allow":["GET"]}}],"collection":[{"href":"https:\/\/bmw-trekhaken.nl\/de\/wp-json\/wp\/v2\/pages"}],"about":[{"href":"https:\/\/bmw-trekhaken.nl\/de\/wp-json\/wp\/v2\/types\/page"}],"author":[{"embeddable":true,"href":"https:\/\/bmw-trekhaken.nl\/de\/wp-json\/wp\/v2\/users\/3"}],"replies":[{"embeddable":true,"href":"https:\/\/bmw-trekhaken.nl\/de\/wp-json\/wp\/v2\/comments?post=2859"}],"version-history":[{"count":1,"href":"https:\/\/bmw-trekhaken.nl\/de\/wp-json\/wp\/v2\/pages\/2859\/revisions"}],"predecessor-version":[{"id":2860,"href":"https:\/\/bmw-trekhaken.nl\/de\/wp-json\/wp\/v2\/pages\/2859\/revisions\/2860"}],"wp:attachment":[{"href":"https:\/\/bmw-trekhaken.nl\/de\/wp-json\/wp\/v2\/media?parent=2859"}],"curies":[{"name":"wp","href":"https:\/\/api.w.org\/{rel}","templated":true}]}}