{"id":2856,"date":"2025-11-19T10:09:14","date_gmt":"2025-11-19T09:09:14","guid":{"rendered":"https:\/\/bmw-trekhaken.nl\/anhaengevorrichtung-bmw-4er-reihe\/"},"modified":"2026-04-21T15:30:23","modified_gmt":"2026-04-21T13:30:23","slug":"anhaengevorrichtung-bmw-4er-reihe","status":"publish","type":"page","link":"https:\/\/bmw-trekhaken.nl\/de\/anhaengevorrichtung-bmw-4er-reihe\/","title":{"rendered":"Anh\u00e4ngevorrichtung BMW 4er Reihe"},"content":{"rendered":"\n\n\n\n  <section  class=\"hd-content st-mobile-s st-tablet-s st-desktop-s sb-mobile-x sb-tablet-x sb-desktop-x pt-mobile-x pt-tablet-x pt-desktop-x pb-mobile-x pb-tablet-x pb-desktop-x bg-none \">\n    <div class=\"container\">\n\n      \n      <div class=\"row row-default-height align-content-unset justify-content-start\">\n                  \n                                        <div class=\"mobile-column-spacing col-12 offset-0 no-order\">\n                                  \n                                          <div class=\"hd-content__paragraph hd-content__element text-black block-align-left\">\n    <p>Nicht jeder BMW 4er wird serienm\u00e4\u00dfig mit einer Anh\u00e4ngerkupplung geliefert. Wenn Sie dennoch eine Anh\u00e4ngerkupplung f\u00fcr die BMW 4er Reihe montieren lassen m\u00f6chten, ist es wichtig, dass dies von einem Spezialisten durchgef\u00fchrt wird, der mit originalen Teilen und der richtigen BMW-Software arbeitet. Bei <a href=\"https:\/\/bmw-trekhaken.nl\/de\/\">BMW Anh\u00e4ngerkupplung<\/a> <strong>k\u00f6nnen Sie sich auf H\u00e4ndlerqualit\u00e4t, erfahrene BMW-Techniker und attraktive Preise verlassen \u2013 kombiniert mit der Sicherheit, dass alles perfekt in Ihr Fahrzeug integriert wird.<\/strong> <\/p>\n<p><strong>Wir liefern und montieren ausschlie\u00dflich originale<\/strong> <a href=\"https:\/\/bmw-trekhaken.nl\/product-categorie\/trekhaken\/\">BMW-Anh\u00e4ngerkupplungen<\/a>. Diese Teile stammen aus sorgf\u00e4ltig ausgew\u00e4hlten Demofahrzeugen und werden im Vorfeld umfassend getestet. Dadurch sind Sie von hervorragender Qualit\u00e4t, korrekter Funktion und einem perfekt passenden System f\u00fcr Ihre BMW 4er Reihe \u00fcberzeugt. Unsere spezialisierten Monteure sorgen daf\u00fcr, dass die Anh\u00e4ngerkupplung f\u00fcr die BMW 4er Reihe vollst\u00e4ndig auf Ihr Modell und Ihre Ausstattung abgestimmt ist, sodass das System jederzeit einwandfrei funktioniert.   <\/p>\n<p><strong>Wenn Sie sich f\u00fcr eine Anh\u00e4ngerkupplung von <a href=\"https:\/\/bmw-trekhaken.nl\/over-ons\/\">BMW Anh\u00e4ngerkupplung<\/a> entscheiden, begleitet unser Team Sie von Anfang bis Ende<\/strong>. Sie k\u00f6nnen ganz einfach Kontakt aufnehmen, einen Termin vereinbaren und uns die komplette <a href=\"https:\/\/bmw-trekhaken.nl\/montage\/\">Montage <\/a>\u00fcberlassen. <\/p>\n<\/div>                    \n                    \n                    \n                    \n                    \n                    \n                                        \n                              <\/div>\n            \n                        <\/div>\n    <\/div>\n  <\/section>\n\n\n\n    <section  class=\"atl-products st-mobile-x st-tablet-x st-desktop-x sb-mobile-x sb-tablet-x sb-desktop-x pt-mobile-x pt-tablet-x pt-desktop-x pb-mobile-x pb-tablet-x pb-desktop-x bg-none text-black \">\n        <div class=\"container\">\n            <div class=\"row\">\n                <div class=\"col-lg-12\">\n                    <div class=\"atl-products__title\">\n                        <h3>\n                            Entdecken Sie unser Angebot an Anh\u00e4ngerkupplungen f\u00fcr die BMW 4er Reihe                        <\/h3>\n                    <\/div>\n\n                <\/div>\n            <\/div>\n            <div class=\"row\">\n                \n                                            <\/div>\n        <\/div>\n    <\/section>\n\n\n\n\n\n  <section  class=\"hd-content st-mobile-x st-tablet-m st-desktop-x sb-mobile-s sb-tablet-m sb-desktop-s pt-mobile-x pt-tablet-x pt-desktop-x pb-mobile-x pb-tablet-x pb-desktop-x bg-none \">\n    <div class=\"container\">\n\n      \n      <div class=\"row row-default-height align-content-unset justify-content-start\">\n                  \n                                        <div class=\"mobile-column-spacing col-12 offset-0 no-order\">\n                                  \n                                          <div class=\"hd-content__paragraph hd-content__element text-black block-align-left\">\n    <h2>Montage der Anh\u00e4ngerkupplung BMW 4er Reihe<\/h2>\n<p>Die Montage einer Anh\u00e4ngerkupplung f\u00fcr die BMW 4er Reihe erfordert Pr\u00e4zision, Erfahrung und Kenntnisse der BMW-spezifischen Technik. Damit die <a href=\"\/?product_cat=elektrische-trekhaken\">elektrische Anh\u00e4ngerkupplung<\/a> korrekt funktioniert, muss sie programmiert, codiert und richtig eingestellt werden. Dies unterscheidet sich je nach Modell, Motorisierung und vorhandener Ausstattung.  <\/p>\n<p><strong>Deshalb arbeiten wir ausschlie\u00dflich mit spezieller BMW-Ausr\u00fcstung und -Software<\/strong>. Damit sorgen unsere Monteure daf\u00fcr, dass Ihre Anh\u00e4ngerkupplung vollst\u00e4ndig in die Fahrzeugsysteme integriert wird und genau das leistet, was Sie erwarten d\u00fcrfen. <\/p>\n<p><strong> Wenn Sie eine Anh\u00e4ngerkupplung f\u00fcr die BMW 4er Reihe bei BMW Trekhaken montieren lassen, sind die Montagearbeitszeit, originale BMW-Verkabelung und alle notwendigen Teile f\u00fcr eine korrekte Funktion im Preis enthalten.<\/strong><\/p>\n<p><strong>Die Montage umfasst:<\/strong><\/p>\n<ul>\n<li>Die Arbeitszeit f\u00fcr die vollst\u00e4ndige Montage<\/li>\n<li>Das Steuerger\u00e4t, das f\u00fcr die Ansteuerung des Systems erforderlich ist.<\/li>\n<li>Der interne Bedienknopf im Kofferraum.<\/li>\n<li>Ein originaler BMW-Kabelbaum.<\/li>\n<\/ul>\n<p>Unsere Monteure sorgen daf\u00fcr, dass alles sorgf\u00e4ltig angeschlossen und vollst\u00e4ndig auf Ihre BMW 4er Reihe abgestimmt wird.<\/p>\n<h3>Originale BMW-Anh\u00e4ngerkupplungen zu attraktiven Preisen<\/h3>\n<p>Wenn Sie eine Anh\u00e4ngerkupplung f\u00fcr die BMW 4er Reihe suchen, m\u00f6chten Sie Sicherheit in Bezug auf Qualit\u00e4t, aber nicht unn\u00f6tig viel bezahlen. B<strong>ei BMW Trekhaken profitieren Sie von g\u00fcnstigeren Preisen als beim H\u00e4ndler, ohne Kompromisse bei Qualit\u00e4t oder Handwerkskunst.<\/strong> Wir bieten Anh\u00e4ngerkupplungen f\u00fcr verschiedene BMW-Modelle an, so montieren wir auch <a href=\"https:\/\/bmw-trekhaken.nl\/trekhaak-bmw-2-serie\/\">Anh\u00e4ngerkupplungen f\u00fcr die 2er-<\/a>, <a href=\"https:\/\/bmw-trekhaken.nl\/trekhaak-bmw-3-serie\/\">3er-Reihe<\/a> sowie diverse andere Modelle.  <\/p>\n<p><strong>Sie k\u00f6nnen bei uns Lieferung und Montage w\u00e4hlen<\/strong>. Dar\u00fcber hinaus bieten wir zus\u00e4tzlichen Service f\u00fcr Kunden an, die vollst\u00e4ndig entlastet werden m\u00f6chten. <\/p>\n<ul>\n<li><strong>Abholservice:<\/strong> Wir holen Ihren BMW ab und bringen ihn nach der Montage wieder zur\u00fcck. Hierf\u00fcr fallen feste Kosten an. <\/li>\n<li><strong>Ersatzfahrzeug<\/strong>: Sie geben Ihren BMW bei uns ab und k\u00f6nnen mit einem unserer Fahrzeuge weiterfahren. Sie zahlen lediglich die Kraftstoffkosten und geben das Fahrzeug wieder mit vollem Tank zur\u00fcck. <\/li>\n<\/ul>\n<p>Unser Service ist auf Komfort, Effizienz und Sicherheit ausgerichtet. So wissen Sie, dass Ihre Anh\u00e4ngerkupplung f\u00fcr die BMW 4er Reihe von echten BMW-Spezialisten montiert wird. <\/p>\n<h3>H\u00e4ufig gestellte Fragen zur Anh\u00e4ngerkupplung BMW 4er Reihe<\/h3>\n<p><strong>Wie wei\u00df ich, welche Anh\u00e4ngerkupplung f\u00fcr meine BMW 4er Reihe geeignet ist?<br \/>\n<\/strong>Unsere Spezialisten beurteilen immer, welches originale BMW-Teil am besten zu Ihrem spezifischen Modell und Ihrer Ausstattung passt. Dadurch sind Sie von einer perfekt passenden Anh\u00e4ngerkupplung \u00fcberzeugt, die vollst\u00e4ndig mit den Fahrzeugsystemen Ihres Fahrzeugs funktioniert. <\/p>\n<p><strong>Wird meine Anh\u00e4ngerkupplung BMW 4er Reihe vollst\u00e4ndig codiert?<\/strong><br \/>\nJa, wir sorgen f\u00fcr die vollst\u00e4ndige Software-Integration. Das System wird korrekt programmiert und eingestellt, sodass alles so funktioniert, wie BMW es vorgesehen hat. <\/p>\n<p><strong>Ist die Montage enthalten, wenn ich eine Anh\u00e4ngerkupplung bestelle?<\/strong><br \/>\nSie k\u00f6nnen sowohl die Anh\u00e4ngerkupplung kaufen als auch montieren lassen. W\u00e4hrend des Termins wird alles vollst\u00e4ndig von unseren spezialisierten BMW-Monteuren f\u00fcr Sie erledigt. <\/p>\n<p><strong>Kann ich den Abholservice oder ein Ersatzfahrzeug nutzen?<\/strong><br \/>\nJa, wir bieten beide Optionen an. Dies ist ideal f\u00fcr Gesch\u00e4ftskunden und Kunden, denen Komfort wichtig ist. <\/p>\n<p><strong>Warum sind Ihre Preise g\u00fcnstiger als bei einem BMW-H\u00e4ndler?<\/strong><br \/>\nWir arbeiten mit originalen BMW-Teilen, die aus sorgf\u00e4ltig ausgew\u00e4hlten Fahrzeugen stammen. Dadurch k\u00f6nnen wir Originalqualit\u00e4t zu einem g\u00fcnstigeren Preis anbieten. <\/p>\n<p>Haben Sie noch Fragen oder m\u00f6chten Sie einen Termin f\u00fcr eine Anh\u00e4ngerkupplung f\u00fcr die BMW 4er Reihe vereinbaren? Nehmen Sie dann <a href=\"https:\/\/bmw-trekhaken.nl\/contact\/\">Kontakt <\/a>mit uns auf. Wir helfen Ihnen gerne weiter und sorgen daf\u00fcr, dass Ihre BMW 4er Reihe perfekt mit einer originalen BMW-Anh\u00e4ngerkupplung ausgestattet wird.<br \/>\n<script type=\"application\/ld+json\">\n{\n  \"@context\": \"https:\/\/schema.org\",\n  \"@type\": \"FAQPage\",\n  \"mainEntity\": [\n    {\n      \"@type\": \"Question\",\n      \"name\": \"Hoe weet ik welke trekhaak geschikt is voor mijn BMW 4 Serie?\",\n      \"acceptedAnswer\": {\n        \"@type\": \"Answer\",\n        \"text\": \"Onze specialisten beoordelen altijd welk origineel BMW onderdeel het best past bij uw specifieke model en opties. Hierdoor bent u verzekerd van een perfect passende trekhaak die volledig werkt met uw voertuigsystemen.\"\n      }\n    },\n    {\n      \"@type\": \"Question\",\n      \"name\": \"Wordt mijn trekhaak BMW 4 serie volledig gecodeerd?\",\n      \"acceptedAnswer\": {\n        \"@type\": \"Answer\",\n        \"text\": \"Ja, wij zorgen voor de volledige software-integratie. Het systeem wordt correct geprogrammeerd en afgesteld zodat alles werkt zoals BMW het bedoeld heeft.\"\n      }\n    },\n    {\n      \"@type\": \"Question\",\n      \"name\": \"Is de montage inbegrepen wanneer ik een trekhaak bestel?\",\n      \"acceptedAnswer\": {\n        \"@type\": \"Answer\",\n        \"text\": \"U kunt zowel de trekhaak aanschaffen als laten monteren. Tijdens de afspraak wordt alles volledig voor u geregeld door onze gespecialiseerde BMW monteurs.\"\n      }\n    },\n    {\n      \"@type\": \"Question\",\n      \"name\": \"Kan ik gebruikmaken van ophaalservice of vervangend vervoer?\",\n      \"acceptedAnswer\": {\n        \"@type\": \"Answer\",\n        \"text\": \"Ja, wij bieden beide opties. Dit is ideaal voor zakelijke rijders en klanten die gemak belangrijk vinden.\"\n      }\n    },\n    {\n      \"@type\": \"Question\",\n      \"name\": \"Waarom zijn jullie prijzen scherper dan bij een BMW dealer?\",\n      \"acceptedAnswer\": {\n        \"@type\": \"Answer\",\n        \"text\": \"Wij werken met originele BMW onderdelen die afkomstig zijn van zorgvuldig geselecteerde voertuigen. Hierdoor kunnen wij originele kwaliteit leveren tegen een scherpere prijs.\"\n      }\n    }\n  ]\n}\n<\/script><\/p>\n<\/div>                    \n                    \n                    \n                    \n                    \n                    \n                                        \n                              <\/div>\n            \n                        <\/div>\n    <\/div>\n  <\/section>\n\n","protected":false},"excerpt":{"rendered":"","protected":false},"author":3,"featured_media":0,"parent":0,"menu_order":0,"comment_status":"closed","ping_status":"closed","template":"","meta":{"_acf_changed":false,"footnotes":""},"class_list":["post-2856","page","type-page","status-publish","hentry"],"acf":[],"yoast_head":"<!-- This site is optimized with the Yoast SEO plugin v27.4 - https:\/\/yoast.com\/product\/yoast-seo-wordpress\/ -->\n<title>Anh\u00e4ngevorrichtung BMW 4er Reihe | Lieferung &amp; professionelle Montage<\/title>\n<meta name=\"description\" content=\"Anh\u00e4ngevorrichtung BMW 4er Reihe in H\u00e4ndlerqualit\u00e4t, erfahrene BMW-Mechaniker &amp; attraktive Preise \u2713 vollst\u00e4ndige Integration\" \/>\n<meta name=\"robots\" content=\"index, follow, max-snippet:-1, max-image-preview:large, max-video-preview:-1\" \/>\n<link rel=\"canonical\" href=\"https:\/\/bmw-trekhaken.nl\/de\/anhaengevorrichtung-bmw-4er-reihe\/\" \/>\n<meta property=\"og:locale\" content=\"de_DE\" \/>\n<meta property=\"og:type\" content=\"article\" \/>\n<meta property=\"og:title\" content=\"Anh\u00e4ngevorrichtung BMW 4er Reihe | Lieferung &amp; professionelle Montage\" \/>\n<meta property=\"og:description\" content=\"Anh\u00e4ngevorrichtung BMW 4er Reihe in H\u00e4ndlerqualit\u00e4t, erfahrene BMW-Mechaniker &amp; attraktive Preise \u2713 vollst\u00e4ndige Integration\" \/>\n<meta property=\"og:url\" content=\"https:\/\/bmw-trekhaken.nl\/de\/anhaengevorrichtung-bmw-4er-reihe\/\" \/>\n<meta property=\"og:site_name\" content=\"ATL BMW Trekhaken\" \/>\n<meta property=\"article:modified_time\" content=\"2026-04-21T13:30:23+00:00\" \/>\n<meta name=\"twitter:card\" content=\"summary_large_image\" \/>\n<script type=\"application\/ld+json\" class=\"yoast-schema-graph\">{\"@context\":\"https:\\\/\\\/schema.org\",\"@graph\":[{\"@type\":\"WebPage\",\"@id\":\"https:\\\/\\\/bmw-trekhaken.nl\\\/de\\\/anhaengevorrichtung-bmw-4er-reihe\\\/\",\"url\":\"https:\\\/\\\/bmw-trekhaken.nl\\\/de\\\/anhaengevorrichtung-bmw-4er-reihe\\\/\",\"name\":\"Anh\u00e4ngevorrichtung BMW 4er Reihe | Lieferung & professionelle Montage\",\"isPartOf\":{\"@id\":\"https:\\\/\\\/bmw-trekhaken.nl\\\/de\\\/#website\"},\"datePublished\":\"2025-11-19T09:09:14+00:00\",\"dateModified\":\"2026-04-21T13:30:23+00:00\",\"description\":\"Anh\u00e4ngevorrichtung BMW 4er Reihe in H\u00e4ndlerqualit\u00e4t, erfahrene BMW-Mechaniker & attraktive Preise \u2713 vollst\u00e4ndige Integration\",\"inLanguage\":\"de\",\"potentialAction\":[{\"@type\":\"ReadAction\",\"target\":[\"https:\\\/\\\/bmw-trekhaken.nl\\\/de\\\/anhaengevorrichtung-bmw-4er-reihe\\\/\"]}]},{\"@type\":\"WebSite\",\"@id\":\"https:\\\/\\\/bmw-trekhaken.nl\\\/de\\\/#website\",\"url\":\"https:\\\/\\\/bmw-trekhaken.nl\\\/de\\\/\",\"name\":\"BMW Trekhaken\",\"description\":\"\",\"potentialAction\":[{\"@type\":\"SearchAction\",\"target\":{\"@type\":\"EntryPoint\",\"urlTemplate\":\"https:\\\/\\\/bmw-trekhaken.nl\\\/de\\\/?s={search_term_string}\"},\"query-input\":{\"@type\":\"PropertyValueSpecification\",\"valueRequired\":true,\"valueName\":\"search_term_string\"}}],\"inLanguage\":\"de\"}]}<\/script>\n<!-- \/ Yoast SEO plugin. -->","yoast_head_json":{"title":"Anh\u00e4ngevorrichtung BMW 4er Reihe | Lieferung & professionelle Montage","description":"Anh\u00e4ngevorrichtung BMW 4er Reihe in H\u00e4ndlerqualit\u00e4t, erfahrene BMW-Mechaniker & attraktive Preise \u2713 vollst\u00e4ndige Integration","robots":{"index":"index","follow":"follow","max-snippet":"max-snippet:-1","max-image-preview":"max-image-preview:large","max-video-preview":"max-video-preview:-1"},"canonical":"https:\/\/bmw-trekhaken.nl\/de\/anhaengevorrichtung-bmw-4er-reihe\/","og_locale":"de_DE","og_type":"article","og_title":"Anh\u00e4ngevorrichtung BMW 4er Reihe | Lieferung & professionelle Montage","og_description":"Anh\u00e4ngevorrichtung BMW 4er Reihe in H\u00e4ndlerqualit\u00e4t, erfahrene BMW-Mechaniker & attraktive Preise \u2713 vollst\u00e4ndige Integration","og_url":"https:\/\/bmw-trekhaken.nl\/de\/anhaengevorrichtung-bmw-4er-reihe\/","og_site_name":"ATL BMW Trekhaken","article_modified_time":"2026-04-21T13:30:23+00:00","twitter_card":"summary_large_image","schema":{"@context":"https:\/\/schema.org","@graph":[{"@type":"WebPage","@id":"https:\/\/bmw-trekhaken.nl\/de\/anhaengevorrichtung-bmw-4er-reihe\/","url":"https:\/\/bmw-trekhaken.nl\/de\/anhaengevorrichtung-bmw-4er-reihe\/","name":"Anh\u00e4ngevorrichtung BMW 4er Reihe | Lieferung & professionelle Montage","isPartOf":{"@id":"https:\/\/bmw-trekhaken.nl\/de\/#website"},"datePublished":"2025-11-19T09:09:14+00:00","dateModified":"2026-04-21T13:30:23+00:00","description":"Anh\u00e4ngevorrichtung BMW 4er Reihe in H\u00e4ndlerqualit\u00e4t, erfahrene BMW-Mechaniker & attraktive Preise \u2713 vollst\u00e4ndige Integration","inLanguage":"de","potentialAction":[{"@type":"ReadAction","target":["https:\/\/bmw-trekhaken.nl\/de\/anhaengevorrichtung-bmw-4er-reihe\/"]}]},{"@type":"WebSite","@id":"https:\/\/bmw-trekhaken.nl\/de\/#website","url":"https:\/\/bmw-trekhaken.nl\/de\/","name":"BMW Trekhaken","description":"","potentialAction":[{"@type":"SearchAction","target":{"@type":"EntryPoint","urlTemplate":"https:\/\/bmw-trekhaken.nl\/de\/?s={search_term_string}"},"query-input":{"@type":"PropertyValueSpecification","valueRequired":true,"valueName":"search_term_string"}}],"inLanguage":"de"}]}},"_links":{"self":[{"href":"https:\/\/bmw-trekhaken.nl\/de\/wp-json\/wp\/v2\/pages\/2856","targetHints":{"allow":["GET"]}}],"collection":[{"href":"https:\/\/bmw-trekhaken.nl\/de\/wp-json\/wp\/v2\/pages"}],"about":[{"href":"https:\/\/bmw-trekhaken.nl\/de\/wp-json\/wp\/v2\/types\/page"}],"author":[{"embeddable":true,"href":"https:\/\/bmw-trekhaken.nl\/de\/wp-json\/wp\/v2\/users\/3"}],"replies":[{"embeddable":true,"href":"https:\/\/bmw-trekhaken.nl\/de\/wp-json\/wp\/v2\/comments?post=2856"}],"version-history":[{"count":1,"href":"https:\/\/bmw-trekhaken.nl\/de\/wp-json\/wp\/v2\/pages\/2856\/revisions"}],"predecessor-version":[{"id":2857,"href":"https:\/\/bmw-trekhaken.nl\/de\/wp-json\/wp\/v2\/pages\/2856\/revisions\/2857"}],"wp:attachment":[{"href":"https:\/\/bmw-trekhaken.nl\/de\/wp-json\/wp\/v2\/media?parent=2856"}],"curies":[{"name":"wp","href":"https:\/\/api.w.org\/{rel}","templated":true}]}}